{"id":310,"date":"2016-12-02T12:33:40","date_gmt":"2016-12-02T12:33:40","guid":{"rendered":"http:\/\/ethnology.asm.md\/?page_id=310"},"modified":"2025-08-25T18:52:34","modified_gmt":"2025-08-25T18:52:34","slug":"colegiul-de-redactie","status":"publish","type":"page","link":"https:\/\/ethnology.ich.md\/ro\/colegiul-de-redactie","title":{"rendered":"Colegiul de redac\u021bie"},"content":{"rendered":"<div class=\"entry\">\n<p style=\"text-align: center;\"><strong>Colegiul de redac\u021bie al Revistei de Etnologie \u0219i Culturologie:<\/strong><\/p>\n<p><strong>Procop Svetlana<\/strong>.<strong>\u00a0<\/strong><em>Redactor-\u015fef<\/em>. Doctor \u00een filologie, conferen\u0163iar (Chi\u015fin\u0103u, Republica Moldova). svetlanaprocop@ich.md<\/p>\n<p><strong>Nicoglo Diana.<\/strong> <em>Redactor-\u0219ef adjunct<\/em>. Doctor \u00een istorie, conferen\u021biar (Chi\u0219in\u0103u, Republica Moldova). diananicoglo@gmail.com<\/p>\n<p><strong>Magola Alexandru<\/strong>. <em>Secretar-responsabil. <\/em>Cercet\u0103tor \u0219tiin\u021bific (Chi\u0219in\u0103u, Republica Moldova). romanathos@gmail.com<\/p>\n<p><strong>Abusseitova Meruert. <\/strong>Membru-corespondent, doctor habilitat \u00een istorie, profesor (Almaty, Republica Kazahstan). mabusseitova@hotmail.com<\/p>\n<p><strong>Anastasopoulos Antonis.<\/strong> Profesor Asociat (Rethymnon, Grecia). anastasopoulos@uoc.gr<\/p>\n<p><strong>Arapu Valentin. <\/strong>Doctor \u00een istorie (Chi\u0219in\u0103u, Republica Moldova). valarapu@gmail.com<\/p>\n<p><strong>Boda Gherghina. <\/strong>Doctor habilitat \u00een istorie (Deva, Rom\u00e2nia). ginaboda15@gmail.com<\/p>\n<p><strong>Brani\u0219te Ludmila.<\/strong> Doctor \u00een filologie, conferen\u021biar universitar (Ia\u0219i, Rom\u00e2nia). branisteludmila@yahoo.com<\/p>\n<p><strong>Cu\u015fnir Veaceslav.<\/strong> Doctor habilitat \u00een istorie, \u00a0conferen\u021biar (Odesa, Ucraina). vkushnir@ukr.net<\/p>\n<p><strong>Dolghi Adrian. <\/strong>Doctor \u00een istorie (Chi\u0219in\u0103u, Republica Moldova). addolghi.ipc@gmail.com<\/p>\n<p><strong>Duminica Ion. <\/strong>Doctor \u00een politologie, conferen\u021biar (Chi\u0219in\u0103u, Republica Moldova).<\/p>\n<p>johny-sunday@yahoo.com<\/p>\n<p><strong>Duminica Ivan.<\/strong> Doctor habilitat \u00een istorie (Chi\u0219in\u0103u, Republica Moldova). duminicaivan@yandex.ru<\/p>\n<p><strong>Gheorghiev Galin.<\/strong> Doctor \u00een etnologie (Sofia, Bulgaria). dupnica@mail.bg<\/p>\n<p><strong>Ghinoiu Ion.<\/strong> Doctor \u00een geografie (Bucure\u0219ti, Rom\u00e2nia). ionghinoiu@yahoo.com<\/p>\n<p><strong>Gorofianiuk Inna.<\/strong> Doctor \u00een filologie, \u00a0conferen\u021biar (Vinni\u021ba, Ucraina). gorofyanyuk@gmail.com<\/p>\n<p><strong>Golant Natalia. <\/strong>\u00a0Doctor \u00een istorie (Sankt Petersburg, Federa\u021bia Rus\u0103). natalita1977@yandex.ru<\/p>\n<p><strong>Gr\u0103dinaru Natalia.<\/strong> Doctor \u00een istorie (Chi\u0219in\u0103u, Republica Moldova). gradinarunatalia23@gmail.com<\/p>\n<p><strong>Ispas Cornelia-Sabina.<\/strong> Academician (Bucure\u0219ti, Rom\u00e2nia). sabinacornelia41@gmail.com<\/p>\n<p><strong>Ivani\u0107 Ivana.\u00a0 <\/strong>Doctor \u00een filologie, conferen\u021biar (Novi Sad, Republica Serbia). ivana.ivanic@ff.uns.ac.rs<\/p>\n<p><strong>Ivanova N. <\/strong>Doctor \u00een istorie (Chi\u0219in\u0103u, Republica Moldova). ivanova_nina@ich.md<\/p>\n<p><strong>Kala\u015fnikova Natalia. <\/strong>Doctor habilitat \u00een culturologie, profesor (Sankt Petersburg, Federa\u021bia Rus\u0103). ethnonataly@ mail.ru<\/p>\n<p><strong>Koc\u00f3j Ewa. <\/strong>Doctor habilitat \u00een etnologie \u0219i antropologie cultural\u0103, profesor (Cracovia, Polonia). ewa.kocoj@uj.edu.pl<\/p>\n<p><strong>Ko\u00e7 Adem. <\/strong>Doctor \u00een filologie, profesor (Eski\u015fehir, Turcia).<\/p>\n<p>ademkoc@ogu.edu.tr<\/p>\n<p><strong>Korotayev Andrey. <\/strong>Doctor habilitat \u00een istorie, profesor (Moscova, Federa\u021bia Rus\u0103). akorotayev@gmail.com<\/p>\n<p><strong>Maru\u015fiakova \u0415lena.<\/strong> Doctor \u00een istorie, profesor (Bratislava, Republica Slovac\u0103). emp9@st-andrews.ac.uk<\/p>\n<p><strong>Neagota Bogdan.<\/strong> Doctor \u00een filologie (Cluj-Napoca, Rom\u00e2nia). bogdan.neagota@gmail.com<\/p>\n<p><strong>Popov Veselin. <\/strong>Doctor \u00een istorie (Bratislava, Republica Slovac\u0103). vp43@st-andrews.ac.uk<\/p>\n<p><strong>Prisac Lidia. <\/strong>Doctor \u00een istorie (Chi\u0219in\u0103u, Republica Moldova). lidiaprisac@yahoo.com<\/p>\n<p><strong>Prus Elena.<\/strong> Membru-corespondent, doctor habilitat \u00een filologie, profesor (Chi\u0219in\u0103u, Republica Moldova). elena_prus_ro@yahoo.fr<\/p>\n<p><strong>Rogojanu Dumitru-C\u0103t\u0103lin.<\/strong> Doctor habilitat \u00een istorie (Deva, Rom\u00e2nia). rogojanucatalindumitru@yahoo.com<\/p>\n<p><strong>Romanciuc Alexei. <\/strong>Candidat \u00een culturologie (Chi\u0219in\u0103u, Republica Moldova). dierevo@mail.ru<\/p>\n<p><strong>S\u00eerbu Tatiana.<\/strong> Doctor \u00een istorie (Louvain-la-Neuve, Belgia). taniasirbu@yahoo.fr<\/p>\n<p><strong>Stancev Mihail.<\/strong> Academician, doctor habilitat \u00een istorie, profesor (Sofia, Bulgaria). stanchev.m@gmail.com<\/p>\n<p><strong>Stepanov Veaceslav.<\/strong> Doctor habilitat \u00een istorie, profesor (Moscova, Federa\u021bia Rus\u0103). vpstepanovpochta@gmail.com<\/p>\n<p><strong>Ursu Valentina. <\/strong>Doctor \u00een istorie, conferen\u021biar (Chi\u0219in\u0103u, Republica Moldova). ursuvalentina@yahoo.com<\/p>\n<p><strong>Valen\u021bova Marina.<\/strong> Doctor \u00een filologie (Moscova, Federa\u021bia Rus\u0103). mvalent@gmail.com<\/p>\n<p><strong>Vuillemenot Anne-Marie.\u00a0 <\/strong>Doctor \u00een \u0219tiin\u021be sociale \u0219i politice (Louvain-la-Neuve, Belgia).<\/p>\n<p>anne-marie.vuillemenot@uclouvain.be<\/p>\n<\/div>\n","protected":false},"excerpt":{"rendered":"<p>Colegiul de redac\u021bie al Revistei de Etnologie \u0219i Culturologie: Procop Svetlana.\u00a0Redactor-\u015fef. Doctor \u00een filologie, conferen\u0163iar (Chi\u015fin\u0103u, Republica Moldova). svetlanaprocop@ich.md Nicoglo Diana. Redactor-\u0219ef adjunct. Doctor \u00een istorie, conferen\u021biar (Chi\u0219in\u0103u, Republica Moldova). diananicoglo@gmail.com Magola Alexandru. Secretar-responsabil. Cercet\u0103tor \u0219tiin\u021bific (Chi\u0219in\u0103u, Republica Moldova). romanathos@gmail.com Abusseitova Meruert. Membru-corespondent, doctor habilitat \u00een istorie, profesor (Almaty, Republica Kazahstan). mabusseitova@hotmail.com Anastasopoulos Antonis. Profesor &#8230;<\/p>\n","protected":false},"author":1,"featured_media":0,"parent":0,"menu_order":0,"comment_status":"closed","ping_status":"closed","template":"","meta":[],"_links":{"self":[{"href":"https:\/\/ethnology.ich.md\/ro\/wp-json\/wp\/v2\/pages\/310"}],"collection":[{"href":"https:\/\/ethnology.ich.md\/ro\/wp-json\/wp\/v2\/pages"}],"about":[{"href":"https:\/\/ethnology.ich.md\/ro\/wp-json\/wp\/v2\/types\/page"}],"author":[{"embeddable":true,"href":"https:\/\/ethnology.ich.md\/ro\/wp-json\/wp\/v2\/users\/1"}],"replies":[{"embeddable":true,"href":"https:\/\/ethnology.ich.md\/ro\/wp-json\/wp\/v2\/comments?post=310"}],"version-history":[{"count":22,"href":"https:\/\/ethnology.ich.md\/ro\/wp-json\/wp\/v2\/pages\/310\/revisions"}],"predecessor-version":[{"id":1735,"href":"https:\/\/ethnology.ich.md\/ro\/wp-json\/wp\/v2\/pages\/310\/revisions\/1735"}],"wp:attachment":[{"href":"https:\/\/ethnology.ich.md\/ro\/wp-json\/wp\/v2\/media?parent=310"}],"curies":[{"name":"wp","href":"https:\/\/api.w.org\/{rel}","templated":true}]}}