{"id":570,"date":"2017-10-31T11:37:46","date_gmt":"2017-10-31T11:37:46","guid":{"rendered":"http:\/\/ethnology.asm.md\/?page_id=570"},"modified":"2017-10-31T11:37:46","modified_gmt":"2017-10-31T11:37:46","slug":"volume-iv-volumul-iv-%d1%82%d0%be%d0%bc-iv-2008","status":"publish","type":"page","link":"https:\/\/ethnology.ich.md\/ro\/volume-iv-volumul-iv-%d1%82%d0%be%d0%bc-iv-2008","title":{"rendered":"Volume IV \/ Volumul IV \/ \u0422\u043e\u043c IV \/ 2008"},"content":{"rendered":"<div class=\"entry\">\n<table class=\"detailsJournalNum\">\n<tbody>\n<tr class=\"odd\">\n<td>\n<table id=\"view\">\n<tbody>\n<tr>\n<td><b>Num\u0103rul 4 \/ 2008<\/b><\/td>\n<td><\/td>\n<td><span style=\"color: blue;\"><img decoding=\"async\" class=\"arrow\" src=\"https:\/\/ibn.idsi.md\/sites\/all\/modules\/publication_view\/pdf-icon1.png\" align=\"absmiddle\" \/><a class=\"go\" href=\"https:\/\/ibn.idsi.md\/sites\/default\/files\/j_nr_file\/vol%20IV.pdf\" target=\"_blank\" rel=\"noopener\">Descarc\u0103 PDF<\/a><\/span><\/td>\n<td><\/td>\n<\/tr>\n<\/tbody>\n<\/table>\n<table>\n<tbody>\n<tr>\n<td><b>Con\u0163inutul num\u0103rului de revist\u0103<\/b><\/td>\n<\/tr>\n<\/tbody>\n<\/table>\n<\/td>\n<\/tr>\n<\/tbody>\n<\/table>\n<table class=\"detailsJournalNum\">\n<caption>\u00a0<\/caption>\n<tbody>\n<tr class=\"odd\">\n<td>\n<table class=\"tab\">\n<tbody>\n<tr class=\"pubtitle\">\n<td class=\"pubtitle\"><b><a href=\"https:\/\/ibn.idsi.md\/ro\/vizualizare_articol\/17723\">\u0424\u043e\u043b\u044c\u043a\u043b\u043e\u0440\u043d\u044b\u0435 \u043f\u0435\u0440\u0435\u0432\u043e\u0434\u044b \u0438 \u043b\u0435\u043a\u0441\u0438\u043a\u043e-\u0441\u0442\u0438\u043b\u0435\u0432\u044b\u0435 \u0438\u043d\u0442\u0435\u0440\u0444\u0435\u0440\u0435\u043d\u0446\u0438\u0438 (\u0412\u0437\u0430\u0438\u043c\u043e\u0441\u0432\u044f\u0437\u0438 \u0432\u043e\u0441\u0442\u043e\u0447\u043d\u043e\u0440\u043e\u043c\u0430\u043d\u0441\u043a\u043e\u0439 \u0438 \u0432\u043e\u0441\u0442\u043e\u0447\u043d\u043e\u0441\u043b\u0430\u0432\u044f\u043d\u0441\u043a\u043e\u0439 \u043d\u0430\u0440\u043e\u0434\u043d\u043e\u0439 \u043f\u043e\u044d\u0437\u0438\u0438)<\/a><\/b><\/td>\n<td class=\"sePage\">5-75<\/td>\n<\/tr>\n<tr>\n<td class=\"auth\"><i><a href=\"https:\/\/ibn.idsi.md\/ro\/author_articles\/11884\">\u0414\u0440\u0443\u043c\u044f \u041b\u0443\u043c\u0438\u043d\u0438\u0446\u0430<\/a><\/i><\/td>\n<\/tr>\n<\/tbody>\n<\/table>\n<table class=\"tab\">\n<tbody>\n<tr class=\"pubtitle\">\n<td class=\"pubtitle\"><b><a href=\"https:\/\/ibn.idsi.md\/ro\/vizualizare_articol\/17737\">\u0421\u0430\u043c \u0441\u0435\u0431\u0435 \u044d\u0442\u043d\u043e\u043b\u043e\u0433. \u0418\u0437 \u0430\u0432\u0442\u043e\u0431\u0438\u043e\u0433\u0440\u0430\u0444\u0438\u0447\u0435\u0441\u043a\u0438\u0445 \u0437\u0430\u043f\u0438\u0441\u0435\u0439<\/a><\/b><\/td>\n<td class=\"sePage\">76-87<\/td>\n<\/tr>\n<tr>\n<td class=\"auth\"><i><a href=\"https:\/\/ibn.idsi.md\/ro\/author_articles\/13854\">Guboglo Mihail<\/a><\/i><\/td>\n<\/tr>\n<\/tbody>\n<\/table>\n<table class=\"tab\">\n<tbody>\n<tr class=\"pubtitle\">\n<td class=\"pubtitle\"><b><a href=\"https:\/\/ibn.idsi.md\/ro\/vizualizare_articol\/17729\">\u041e\u0447\u0435\u0440\u043a\u0438 \u043f\u0440\u043e\u0442\u043e\u0438\u0435\u0440\u0435\u044f \u043c\u0438\u0445\u0430\u0438\u043b\u0430\u0447\u0430\u043a\u0438\u0440\u0430 \u0432 \u043a\u043e\u043d\u0442\u0435\u043a\u0441\u0442\u0435 \u0441\u043e\u0432\u0440\u0435\u043c\u0435\u043d\u043d\u044b\u0445 \u0438\u0441\u0441\u043b\u0435\u0434\u043e\u0432\u0430\u043d\u0438\u0439 \u043f\u043e \u0433\u0430\u0433\u0430\u0443\u0437\u043e\u0432\u0435\u0434\u0435\u043d\u0438\u044e<\/a><\/b><\/td>\n<td class=\"sePage\">88-95<\/td>\n<\/tr>\n<tr>\n<td class=\"auth\"><i><a href=\"https:\/\/ibn.idsi.md\/ro\/author_articles\/11607\">\u041d\u0438\u043a\u043e\u0433\u043b\u043e \u0414\u0438\u0430\u043d\u0430<\/a><\/i><\/td>\n<\/tr>\n<\/tbody>\n<\/table>\n<table class=\"tab\">\n<tbody>\n<tr class=\"pubtitle\">\n<td class=\"pubtitle\"><b><a href=\"https:\/\/ibn.idsi.md\/ro\/vizualizare_articol\/17744\">Unele considera\u0163ii privind evolu\u0163ia culturii \u00een localit\u0103\u0163ile etnicilor germani din Basarabia \u00een sec. XIX \u2013 \u00eenc. sec. XX<\/a><\/b><\/td>\n<td class=\"sePage\">95-98<\/td>\n<\/tr>\n<tr>\n<td class=\"auth\"><i><a href=\"https:\/\/ibn.idsi.md\/ro\/author_articles\/25876\">Chirtoag\u0103 Valentina<\/a><\/i><\/td>\n<\/tr>\n<\/tbody>\n<\/table>\n<table class=\"tab\">\n<tbody>\n<tr class=\"pubtitle\">\n<td class=\"pubtitle\"><b><a href=\"https:\/\/ibn.idsi.md\/ro\/vizualizare_articol\/17740\">\u0422\u0435\u0440\u043c\u0438\u043d\u043e\u043b\u043e\u0433\u0438\u044f \u043a\u0430\u043b\u0435\u043d\u0434\u0430\u0440\u043d\u043e\u0439 \u043e\u0431\u0440\u044f\u0434\u043d\u043e\u0441\u0442\u0438 \u0431\u043e\u043b\u0433\u0430\u0440 \u0431\u0435\u0441\u0441\u0430\u0440\u0430\u0431\u0438\u0438<\/a><\/b><\/td>\n<td class=\"sePage\">99-104<\/td>\n<\/tr>\n<tr>\n<td class=\"auth\"><i><a href=\"https:\/\/ibn.idsi.md\/ro\/author_articles\/11973\">\u0421\u043e\u0440\u043e\u0447\u0430\u043d\u0443 \u0415\u0432\u0434\u043e\u043a\u0438\u044f<\/a><\/i><\/td>\n<\/tr>\n<\/tbody>\n<\/table>\n<table class=\"tab\">\n<tbody>\n<tr class=\"pubtitle\">\n<td class=\"pubtitle\"><b><a href=\"https:\/\/ibn.idsi.md\/ro\/vizualizare_articol\/17720\">\u042d\u0442\u043d\u043e\u0433\u0435\u043d\u0435\u0437 \u0433\u0430\u0433\u0430\u0443\u0437\u043e\u0432 \u043f\u043e \u0434\u0430\u043d\u043d\u044b\u043c \u0430\u0443\u0442\u043e\u0441\u043e\u043c\u043d\u044b\u0445 \u0434\u043d\u043a \u043c\u0430\u0440\u043a\u0435\u0440\u043e\u0432<\/a><\/b><\/td>\n<td class=\"sePage\">105-111<\/td>\n<\/tr>\n<tr>\n<td class=\"auth\"><i><a href=\"https:\/\/ibn.idsi.md\/ro\/author_articles\/1369\">\u0412\u0430\u0440\u0437\u0430\u0440\u044a \u0410\u043b\u0435\u043a\u0441\u0430\u043d\u0434\u0440\u0443<\/a><\/i><\/td>\n<\/tr>\n<\/tbody>\n<\/table>\n<table class=\"tab\">\n<tbody>\n<tr class=\"pubtitle\">\n<td class=\"pubtitle\"><b><a href=\"https:\/\/ibn.idsi.md\/ro\/vizualizare_articol\/17742\">\u0422\u0440\u0430\u0434\u0438\u0446\u0438\u043e\u043d\u043d\u043e\u0435 \u0433\u0430\u0433\u0430\u0443\u0437\u0441\u043a\u043e\u0435 \u0431\u043b\u044e\u0434\u043e \u00abManca\u00bb: \u042d\u0442\u043d\u043e\u043a\u0443\u043b\u044c\u0442\u0443\u0440\u043d\u044b\u0435 \u043f\u0430\u0440\u0430\u043b\u043b\u0435\u043b\u0438 \u0438 \u044d\u043a\u0441\u043a\u043b\u044e\u0437\u0438\u0432\u044b<\/a><\/b><\/td>\n<td class=\"sePage\">112-114<\/td>\n<\/tr>\n<tr>\n<td class=\"auth\"><i><a href=\"https:\/\/ibn.idsi.md\/ro\/author_articles\/16626\">\u041a\u0443\u0440\u043e\u0433\u043b\u043e \u0421<\/a>,\u00a0<a href=\"https:\/\/ibn.idsi.md\/ro\/author_articles\/11607\">\u041d\u0438\u043a\u043e\u0433\u043b\u043e \u0414\u0438\u0430\u043d\u0430<\/a><\/i><\/td>\n<\/tr>\n<\/tbody>\n<\/table>\n<table class=\"tab\">\n<tbody>\n<tr class=\"pubtitle\">\n<td class=\"pubtitle\"><b><a href=\"https:\/\/ibn.idsi.md\/ro\/vizualizare_articol\/17736\">Romii c\u0103tunari din ora\u015ful H\u00eence\u015fti. Identitate etnic\u0103\u2013 opus\u2013 integrare educa\u0163ional\u0103<\/a><\/b><\/td>\n<td class=\"sePage\">115-123<\/td>\n<\/tr>\n<tr>\n<td class=\"auth\"><i><a href=\"https:\/\/ibn.idsi.md\/ro\/author_articles\/11031\">Duminica Ion<\/a><\/i><\/td>\n<\/tr>\n<\/tbody>\n<\/table>\n<table class=\"tab\">\n<tbody>\n<tr class=\"pubtitle\">\n<td class=\"pubtitle\"><b><a href=\"https:\/\/ibn.idsi.md\/ro\/vizualizare_articol\/17725\">\u0416\u0430\u043d\u0440\u043e\u0432\u0430\u044f \u043a\u043b\u0430\u0441\u0441\u0438\u0444\u0438\u043a\u0430\u0446\u0438\u044f \u0433\u0430\u0433\u0430\u0443\u0437\u0441\u043a\u0438\u0445 \u043d\u0430\u0440\u043e\u0434\u043d\u044b\u0445 \u043f\u0435\u0441\u0435\u043d<\/a><\/b><\/td>\n<td class=\"sePage\">124-128<\/td>\n<\/tr>\n<tr>\n<td class=\"auth\"><i><a href=\"https:\/\/ibn.idsi.md\/ro\/author_articles\/18068\">Pocrovscaia Ludmila<\/a><\/i><\/td>\n<\/tr>\n<\/tbody>\n<\/table>\n<table class=\"tab\">\n<tbody>\n<tr class=\"pubtitle\">\n<td class=\"pubtitle\"><b><a href=\"https:\/\/ibn.idsi.md\/ro\/vizualizare_articol\/17731\">\u00ab\u041f\u0430\u0441\u0445\u0430\u043b\u044c\u043d\u044b\u0439 \u0441\u043c\u0435\u0445\u00bb \u042e\u0440\u0438\u044f \u0425\u0430\u0440\u043b\u0430\u043c\u043e\u0432\u0430<\/a><\/b><\/td>\n<td class=\"sePage\">128-140<\/td>\n<\/tr>\n<tr>\n<td class=\"auth\"><i><a href=\"https:\/\/ibn.idsi.md\/ro\/author_articles\/11946\">\u041f\u0440\u043e\u043a\u043e\u043f \u0421\u0432\u0435\u0442\u043b\u0430\u043d\u0430<\/a><\/i><\/td>\n<\/tr>\n<\/tbody>\n<\/table>\n<table class=\"tab\">\n<tbody>\n<tr class=\"pubtitle\">\n<td class=\"pubtitle\"><b><a href=\"https:\/\/ibn.idsi.md\/ro\/vizualizare_articol\/17728\">Minorit\u0103\u0163ile na\u0163ionale \u00een percep\u0163ia moldovenilor din perspectiva istoriei recente<\/a><\/b><\/td>\n<td class=\"sePage\">156-161<\/td>\n<\/tr>\n<tr>\n<td class=\"auth\"><i><a href=\"https:\/\/ibn.idsi.md\/ro\/author_articles\/28584\">Prisac Lidia<\/a><\/i><\/td>\n<\/tr>\n<\/tbody>\n<\/table>\n<table class=\"tab\">\n<tbody>\n<tr class=\"pubtitle\">\n<td class=\"pubtitle\"><b><a href=\"https:\/\/ibn.idsi.md\/ro\/vizualizare_articol\/17733\">\u041f\u0440\u0438\u043c\u0435\u043d\u0435\u043d\u0438\u0435 \u043c\u0435\u0441\u0442\u043d\u044b\u0445 \u0437\u0430\u043a\u043e\u043d\u043e\u0432 \u0438 \u043e\u0431\u044b\u0447\u043d\u043e\u0433\u043e \u043f\u0440\u0430\u0432\u0430 \u0432 \u0433\u0440\u0430\u0436\u0434\u0430\u043d\u0441\u043a\u043e\u043c \u0441\u0443\u0434\u043e\u043f\u0440\u043e\u0438\u0437\u0432\u043e\u0434\u0441\u0442\u0432\u0435 \u0432 \u043c\u0438\u0440\u043e\u0432\u044b\u0445 \u0441\u0443\u0434\u0430\u0445 \u0411\u0435\u0441\u0441\u0430\u0440\u0430\u0431\u0438\u0438 (60-70-\u0435\u0433\u0433. XIX \u0432.)<\/a><\/b><\/td>\n<td class=\"sePage\">162-165<\/td>\n<\/tr>\n<tr>\n<td class=\"auth\"><i><a href=\"https:\/\/ibn.idsi.md\/ro\/author_articles\/11537\">\u0411\u043e\u0440\u0448\u0435\u0432\u0441\u043a\u0438\u0439 \u0410\u043d\u0434\u0440\u0435\u0439<\/a><\/i><\/td>\n<\/tr>\n<\/tbody>\n<\/table>\n<table class=\"tab\">\n<tbody>\n<tr class=\"pubtitle\">\n<td class=\"pubtitle\"><b><a href=\"https:\/\/ibn.idsi.md\/ro\/vizualizare_articol\/17741\">\u00ab\u0422\u0438\u043f\u0438\u0447\u043d\u044b\u0439 \u043c\u043e\u043b\u0434\u0430\u0432\u0430\u043d\u0438\u043d\u00bb (\u041d\u0430 \u043e\u0441\u043d\u043e\u0432\u0435 \u0442\u0435\u043c\u0430\u0442\u0438\u0447\u0435\u0441\u043a\u0438\u0445 \u0440\u0438\u0441\u0443\u043d\u043a\u043e\u0432 \u0443\u0447\u0430\u0449\u0438\u0445\u0441\u044f \u0448\u043a\u043e\u043b \u0433. \u041a\u0438\u0448\u0438\u043d\u0435\u0432\u0430)<\/a><\/b><\/td>\n<td class=\"sePage\">166-168<\/td>\n<\/tr>\n<tr>\n<td class=\"auth\"><i><a href=\"https:\/\/ibn.idsi.md\/ro\/author_articles\/17395\">\u0418\u0432\u0430\u043d\u043e\u0432\u0430 \u041d\u0438\u043d\u0430<\/a><\/i><\/td>\n<\/tr>\n<\/tbody>\n<\/table>\n<table class=\"tab\">\n<tbody>\n<tr class=\"pubtitle\">\n<td class=\"pubtitle\"><b><a href=\"https:\/\/ibn.idsi.md\/ro\/vizualizare_articol\/17734\">\u0420\u0435\u043b\u0438\u0433\u0438\u043e\u0437\u043d\u0438 \u0438 \u043f\u043e\u043b\u0438\u0442\u0438\u0447\u0435\u0441\u043a\u0438 \u0438\u0437\u043c\u0435\u0440\u0435\u043d\u0438\u044f \u043d\u0430 \u0435\u0442\u043d\u043e\u043a\u0443\u043b\u0442\u0443\u0440\u043d\u0430\u0442\u0430 \u0441\u0430\u043c\u043e\u0438\u0434\u0435\u043d\u0442\u0438\u0444\u0438\u043a\u0430\u0446\u0438\u044f \u043d\u0430 \u0440\u0443\u0441\u0438\u0442\u0435 \u0441\u0442\u0430\u0440\u043e\u043e\u0431\u0440\u0435\u0434\u0446\u0438 \u0432 \u0414\u043e\u0431\u0440\u0443\u0434\u0436\u0430<\/a><\/b><\/td>\n<td class=\"sePage\">169-174<\/td>\n<\/tr>\n<tr>\n<td class=\"auth\"><i><a href=\"https:\/\/ibn.idsi.md\/ro\/author_articles\/33254\">Erolova Ielis<\/a><\/i><\/td>\n<\/tr>\n<\/tbody>\n<\/table>\n<table class=\"tab\">\n<tbody>\n<tr class=\"pubtitle\">\n<td class=\"pubtitle\"><b><a href=\"https:\/\/ibn.idsi.md\/ro\/vizualizare_articol\/17732\">Politica \u201eSatelor de romi\u201d a Guvernului Ion Antonescu: romii din Basarabia(1942-1944)<\/a><\/b><\/td>\n<td class=\"sePage\">174-176<\/td>\n<\/tr>\n<tr>\n<td class=\"auth\"><i><a href=\"https:\/\/ibn.idsi.md\/ro\/author_articles\/26024\">S\u00eerbu Tatiana<\/a><\/i><\/td>\n<\/tr>\n<\/tbody>\n<\/table>\n<table class=\"tab\">\n<tbody>\n<tr class=\"pubtitle\">\n<td class=\"pubtitle\"><b><a href=\"https:\/\/ibn.idsi.md\/ro\/vizualizare_articol\/17718\">\u042d\u0442\u043d\u043e\u043a\u0443\u043b\u044c\u0442\u0443\u0440\u043d\u044b\u0435 \u043e\u0431\u0449\u0435\u0441\u0442\u0432\u0435\u043d\u043d\u044b\u0435 \u043e\u0431\u044a\u0435\u0434\u0438\u043d\u0435\u043d\u0438\u044f \u043c\u043e\u043b\u0434\u0430\u0432\u0441\u043a\u043e\u0439 \u0434\u0438\u0430\u0441\u043f\u043e\u0440\u044b: (\u041d\u0435\u043a\u043e\u0442\u043e\u0440\u044b\u0435 \u0430\u0441\u043f\u0435\u043a\u0442\u044b \u0441\u0442\u0430\u043d\u043e\u0432\u043b\u0435\u043d\u0438\u044f)<\/a><\/b><\/td>\n<td class=\"sePage\">177-183<\/td>\n<\/tr>\n<tr>\n<td class=\"auth\"><i><a href=\"https:\/\/ibn.idsi.md\/ro\/author_articles\/33253\">Levandovscaia T.<\/a><\/i><\/td>\n<\/tr>\n<\/tbody>\n<\/table>\n<table class=\"tab\">\n<tbody>\n<tr class=\"pubtitle\">\n<td class=\"pubtitle\"><b><a href=\"https:\/\/ibn.idsi.md\/ro\/vizualizare_articol\/17743\">\u0422\u0440\u0438\u0430\u0434\u0430 \u044d\u0441\u0442\u0435\u0442\u0438\u0447\u0435\u0441\u043a\u0438\u0439 \u0441\u043c\u044b\u0441\u043b \u2013 \u041c\u0438\u043c\u0435\u0441\u0438\u0441 \u2013 \u041a\u0430\u0442\u0430\u0440\u0441\u0438\u0441<\/a><\/b><\/td>\n<td class=\"sePage\">183-188<\/td>\n<\/tr>\n<tr>\n<td class=\"auth\"><i><a href=\"https:\/\/ibn.idsi.md\/ro\/author_articles\/25919\">\u041a\u0443\u0448\u043d\u0438\u0440 \u0416\u043e\u0437\u0435\u0444\u0438\u043d\u0430<\/a><\/i><\/td>\n<\/tr>\n<\/tbody>\n<\/table>\n<table class=\"tab\">\n<tbody>\n<tr class=\"pubtitle\">\n<td class=\"pubtitle\"><b><a href=\"https:\/\/ibn.idsi.md\/ro\/vizualizare_articol\/17726\">\u041c\u0435\u0436\u0434\u0443\u043d\u0430\u0440\u043e\u0434\u043d\u0430\u044f \u043d\u0430\u0443\u0447\u043d\u0430\u044f \u043a\u043e\u043d\u0444\u0435\u0440\u0435\u043d\u0446\u0438\u044f \u00ab\u0421\u043e\u0445\u0440\u0430\u043d\u0435\u043d\u0438\u0435 \u043a\u0443\u043b\u044c\u0442\u0443\u0440\u043d\u043e\u0433\u043e \u043d\u0430\u0441\u043b\u0435\u0434\u0438\u044f \u043a\u0430\u043a \u0435\u0432\u0440\u043e\u043f\u0435\u0439\u0441\u043a\u0430\u044f \u043f\u0440\u043e\u0431\u043b\u0435\u043c\u0430\u00bb<\/a><\/b><\/td>\n<td class=\"sePage\">192-194<\/td>\n<\/tr>\n<tr>\n<td class=\"auth\"><i><a href=\"https:\/\/ibn.idsi.md\/ro\/author_articles\/11639\">\u0421\u0442\u0435\u043f\u0430\u043d\u043e\u0432 \u0412\u044f\u0447\u0435\u0441\u043b\u0430\u0432<\/a><\/i><\/td>\n<\/tr>\n<\/tbody>\n<\/table>\n<table class=\"tab\">\n<tbody>\n<tr class=\"pubtitle\">\n<td class=\"pubtitle\"><b><a href=\"https:\/\/ibn.idsi.md\/ro\/vizualizare_articol\/17730\">\u041f\u0430\u0440\u0430\u043b\u043b\u0435\u043b\u044c\u043d\u044b\u0435 \u043c\u0438\u0440\u044b\u00bb \u041a\u043e\u043d\u0441\u0442\u0430\u043d\u0442\u0438\u043d\u0430 \u0428\u0438\u0448\u043a\u0430\u043d\u0430. \u041a 55-\u043b\u0435\u0442\u0438\u044e \u0442\u0432\u043e\u0440\u0447\u0435\u0441\u043a\u043e\u0439 \u0434\u0435\u044f\u0442\u0435\u043b\u044c\u043d\u043e\u0441\u0442\u0438<\/a><\/b><\/td>\n<td class=\"sePage\">195-196<\/td>\n<\/tr>\n<tr>\n<td class=\"auth\"><i><a href=\"https:\/\/ibn.idsi.md\/ro\/author_articles\/11289\">Popovici Constantin<\/a><\/i><\/td>\n<\/tr>\n<\/tbody>\n<\/table>\n<table class=\"tab\">\n<tbody>\n<tr class=\"pubtitle\">\n<td class=\"pubtitle\"><b><a href=\"https:\/\/ibn.idsi.md\/ro\/vizualizare_articol\/17738\">\u0421\u0438\u043c\u0444\u043e\u043d\u0438\u044f \u0436\u0438\u0437\u043d\u0438 \u0442\u0432\u043e\u0440\u0447\u0435\u0441\u043a\u043e\u0433\u043e \u0447\u0435\u043b\u043e\u0432\u0435\u043a\u0430. \u041a 55-\u043b\u0435\u0442\u0438\u044e \u0442\u0432\u043e\u0440\u0447\u0435\u0441\u043a\u043e\u0439 \u0434\u0435\u044f\u0442\u0435\u043b\u044c\u043d\u043e\u0441\u0442\u0438 \u041a. \u0428\u0438\u0448\u043a\u0430\u043d\u0430<\/a><\/b><\/td>\n<td class=\"sePage\">197-200<\/td>\n<\/tr>\n<tr>\n<td class=\"auth\"><i><a href=\"https:\/\/ibn.idsi.md\/ro\/author_articles\/11946\">\u041f\u0440\u043e\u043a\u043e\u043f \u0421\u0432\u0435\u0442\u043b\u0430\u043d\u0430<\/a><\/i><\/td>\n<\/tr>\n<\/tbody>\n<\/table>\n<table class=\"tab\">\n<tbody>\n<tr class=\"pubtitle\">\n<td class=\"pubtitle\"><b><a href=\"https:\/\/ibn.idsi.md\/ro\/vizualizare_articol\/17745\">\u041e\u043b\u0435\u0433\u0443 \u0421\u0435\u0440\u0433\u0435\u0435\u0432\u0438\u0447\u0443 \u0413\u0430\u043b\u0443\u0449\u0435\u043d\u043a\u043e \u2013 55 \u043b\u0435\u0442<\/a><\/b><\/td>\n<td class=\"sePage\">201-201<\/td>\n<\/tr>\n<tr>\n<td class=\"auth\"><\/td>\n<\/tr>\n<\/tbody>\n<\/table>\n<table class=\"tab\">\n<tbody>\n<tr class=\"pubtitle\">\n<td class=\"pubtitle\"><b><a href=\"https:\/\/ibn.idsi.md\/ro\/vizualizare_articol\/17735\">\u0420\u0438\u0442\u0430 \u041a\u043b\u0435\u0439\u043c\u0430\u043d (25 \u0441\u0435\u043d\u0442\u044f\u0431\u0440\u044f 1947 \u2013 27 \u043d\u043e\u044f\u0431\u0440\u044f 2008)<\/a><\/b><\/td>\n<td class=\"sePage\">202-202<\/td>\n<\/tr>\n<tr>\n<td class=\"auth\"><\/td>\n<\/tr>\n<\/tbody>\n<\/table>\n<\/td>\n<\/tr>\n<\/tbody>\n<\/table>\n<\/div>\n","protected":false},"excerpt":{"rendered":"<p>Num\u0103rul 4 \/ 2008 Descarc\u0103 PDF Con\u0163inutul num\u0103rului de revist\u0103 \u00a0 \u0424\u043e\u043b\u044c\u043a\u043b\u043e\u0440\u043d\u044b\u0435 \u043f\u0435\u0440\u0435\u0432\u043e\u0434\u044b \u0438 \u043b\u0435\u043a\u0441\u0438\u043a\u043e-\u0441\u0442\u0438\u043b\u0435\u0432\u044b\u0435 \u0438\u043d\u0442\u0435\u0440\u0444\u0435\u0440\u0435\u043d\u0446\u0438\u0438 (\u0412\u0437\u0430\u0438\u043c\u043e\u0441\u0432\u044f\u0437\u0438 \u0432\u043e\u0441\u0442\u043e\u0447\u043d\u043e\u0440\u043e\u043c\u0430\u043d\u0441\u043a\u043e\u0439 \u0438 \u0432\u043e\u0441\u0442\u043e\u0447\u043d\u043e\u0441\u043b\u0430\u0432\u044f\u043d\u0441\u043a\u043e\u0439 \u043d\u0430\u0440\u043e\u0434\u043d\u043e\u0439 \u043f\u043e\u044d\u0437\u0438\u0438) 5-75 \u0414\u0440\u0443\u043c\u044f \u041b\u0443\u043c\u0438\u043d\u0438\u0446\u0430 \u0421\u0430\u043c \u0441\u0435\u0431\u0435 \u044d\u0442\u043d\u043e\u043b\u043e\u0433. \u0418\u0437 \u0430\u0432\u0442\u043e\u0431\u0438\u043e\u0433\u0440\u0430\u0444\u0438\u0447\u0435\u0441\u043a\u0438\u0445 \u0437\u0430\u043f\u0438\u0441\u0435\u0439 76-87 Guboglo Mihail \u041e\u0447\u0435\u0440\u043a\u0438 \u043f\u0440\u043e\u0442\u043e\u0438\u0435\u0440\u0435\u044f \u043c\u0438\u0445\u0430\u0438\u043b\u0430\u0447\u0430\u043a\u0438\u0440\u0430 \u0432 \u043a\u043e\u043d\u0442\u0435\u043a\u0441\u0442\u0435 \u0441\u043e\u0432\u0440\u0435\u043c\u0435\u043d\u043d\u044b\u0445 \u0438\u0441\u0441\u043b\u0435\u0434\u043e\u0432\u0430\u043d\u0438\u0439 \u043f\u043e \u0433\u0430\u0433\u0430\u0443\u0437\u043e\u0432\u0435\u0434\u0435\u043d\u0438\u044e 88-95 \u041d\u0438\u043a\u043e\u0433\u043b\u043e \u0414\u0438\u0430\u043d\u0430 Unele considera\u0163ii privind evolu\u0163ia culturii \u00een localit\u0103\u0163ile etnicilor germani &#8230;<\/p>\n","protected":false},"author":1,"featured_media":0,"parent":0,"menu_order":0,"comment_status":"closed","ping_status":"closed","template":"","meta":[],"_links":{"self":[{"href":"https:\/\/ethnology.ich.md\/ro\/wp-json\/wp\/v2\/pages\/570"}],"collection":[{"href":"https:\/\/ethnology.ich.md\/ro\/wp-json\/wp\/v2\/pages"}],"about":[{"href":"https:\/\/ethnology.ich.md\/ro\/wp-json\/wp\/v2\/types\/page"}],"author":[{"embeddable":true,"href":"https:\/\/ethnology.ich.md\/ro\/wp-json\/wp\/v2\/users\/1"}],"replies":[{"embeddable":true,"href":"https:\/\/ethnology.ich.md\/ro\/wp-json\/wp\/v2\/comments?post=570"}],"version-history":[{"count":2,"href":"https:\/\/ethnology.ich.md\/ro\/wp-json\/wp\/v2\/pages\/570\/revisions"}],"predecessor-version":[{"id":572,"href":"https:\/\/ethnology.ich.md\/ro\/wp-json\/wp\/v2\/pages\/570\/revisions\/572"}],"wp:attachment":[{"href":"https:\/\/ethnology.ich.md\/ro\/wp-json\/wp\/v2\/media?parent=570"}],"curies":[{"name":"wp","href":"https:\/\/api.w.org\/{rel}","templated":true}]}}