{"id":59,"date":"2016-08-02T12:14:31","date_gmt":"2016-08-02T12:14:31","guid":{"rendered":"http:\/\/ethnology.asm.md\/?page_id=59"},"modified":"2025-08-24T21:32:21","modified_gmt":"2025-08-24T21:32:21","slug":"about-journal","status":"publish","type":"page","link":"https:\/\/ethnology.ich.md\/ro\/about-journal","title":{"rendered":"Despre revist\u0103"},"content":{"rendered":"<div class=\"entry\">\n<p><em>Revista de Etnologie \u0219i Culturologie<\/em> este revista \u0219tiin\u021bific\u0103 editat\u0103 de <strong>Institutul Patrimoniului Cultural<\/strong>. Revista este acreditat\u0103 de c\u0103tre ANACEC la \u00a0Categoria \u201eA\u201d.<\/p>\n<p><strong>Revist\u0103 este recenzat\u0103<\/strong> (fiecare articol este recenzat a c\u00e2te doi recenzen\u021bi \u015fi este discutat \u00een cadrul \u0219edin\u021belor colegiului de redac\u021bie).<\/p>\n<p><strong>Revista de Etnologie \u015fi Culturologie este cu acces deschis.<\/strong>\u00a0Aceasta \u00eenseamn\u0103 c\u0103 materialele publicate \u00een revist\u0103 sunt accesibile gratuit cititorilor. Accesul deschis presupune c\u0103 cititorilor li se permite s\u0103 descarce, citeze, distribuie,\u00a0cu respectarea drepturilor de autor &#8211; cu men\u021bionarea surselor \u0219i autorilor \u00een cazul cit\u0103rilor, f\u0103r\u0103 acceptul colegiului de redac\u021bie \u0219i a autorilor.<\/p>\n<p>Autorii \u00ee\u0219i p\u0103streaz\u0103 dreptul de autor asupra articolelor f\u0103r\u0103 restric\u021bii\u00a0\u0219i acord\u0103 revistei dreptul primei public\u0103ri.<\/p>\n<p>Revista de Etnologie \u015fi Culturologie a fost fondat\u0103 \u00een anul 2006 de c\u0103tre Institutul Patrimoniului Cultural al A\u015eM, \u00een calitate de revist\u0103 \u0219tiin\u021bific\u0103 a Centrului de Etnologie<\/p>\n<p><strong>Misiunea revistei<\/strong> este publicarea lucr\u0103rilor \u0219tiin\u021bifice: studii monografice, articole de sintez\u0103, recenzii, materiale de informare din via\u021ba \u0219tiin\u021bific\u0103 intern\u0103 \u0219i extern\u0103 (congrese, conferin\u021be, simpozioane, seminare, colocvii), precum \u0219i cronici, documente de arhiv\u0103, abord\u00e2nd subiecte inovative din domeniul umanistic: etnologie \u0219i culturologie.<\/p>\n<p>Revista de Etnologie \u0219i Culturologie apare semestrial \u00eentr-un tiraj de 200 ex. \u0219i este distribuit\u0103 gratuit la solicitare \u00een toate bibliotecile publice \u0219i centrele \u0219tiin\u021bifice de profil umanistic. De asemenea este distribuit\u0103 gratuit \u00een varianta electronic\u0103 de pe pagina oficial\u0103 a revistei \u00een sec\u021biunea <a href=\"http:\/\/ethnology.asm.md\/archives\/\">Arhiva<\/a><\/p>\n<p>Revista accept\u0103 spre publicare lucr\u0103ri \u0219tiin\u021bifice din \u021bar\u0103 \u0219i de peste hotare \u00een limbile englez\u0103, rom\u00e2n\u0103 \u015fi rus\u0103.<\/p>\n<p><strong>Membri ai colegiului de redac\u0163ie<\/strong> a revistei sun speciali\u015fti notorii \u00een domeniul etnologiei, culturologiei, istoriei din Republica Moldova, Rom\u00e2nia, Ucraina, Rusia, Bulgaria \u015fi alte \u0163\u0103ri, informa\u0163ia despre ace\u015ftia poate fi vizualizat\u0103 \u00een sec\u0163iunea\u00a0<a href=\"http:\/\/ethnology.asm.md\/editorial-board\/\">Colegiul de redac\u0163ie<\/a><\/p>\n<p>Editarea revistei se face \u00een scopuri necomerciale. Pentru publicarea materialelor \u00een Revista de Etnologie \u0219i Culturologie nu sunt percepute taxe \u0219i nu sunt oferite onorarii. De asemenea, nu sunt oferite onorarii pentru recenzarea materialelor propuse spre publicare.<\/p>\n<p>Termenele \u015fi condi\u0163iile public\u0103rii \u00een revist\u0103 sunt prezentate \u00een sec\u0163iunea <a href=\"http:\/\/ethnology.asm.md\/terms-and-conditions\/\">Termene \u015fi condi\u0163ii<\/a><\/p>\n<p>Articolele din revist\u0103 sunt arhivate \u0219i indexate de c\u0103tre <a href=\"https:\/\/ibn.idsi.md\/ro\/vizualizare_revista\/77\">Instrumentul Bibliometric Na\u021bional<\/a><\/p>\n<p>\u00cen mod special revista reflect\u0103 rezultatele cercet\u0103rilor efectuate \u00een cadrul Institutului Patrimoniului Cultural. Speciali\u0219tii Institutului\u00a0 se ocup\u0103 cu cercetarea complex\u0103 a patrimoniului cultural al etniilor conlocuitoare\u00a0 \u00een Republica Moldova contribuind la o mai bun\u0103 cunoa\u0219tere reciproc\u0103 \u0219i la abordarea \u0219tiin\u021bific\u0103 a politicilor \u00een domeniul localiz\u0103rii \u0219i conserv\u0103rii patrimoniului etnocultural, precum \u0219i a rela\u021biilor interetnice.<\/p>\n<p><strong>Colegiul de redac\u021bie al Revistei de Etnologie \u0219i Culturologie se conformeaz\u0103 standardelor \u015fi ghidurilor interna\u0163ionale din domeniul editorial (cu Ghidurile COPE \u2013 <a href=\"http:\/\/publicationethics.org\/\">Comitetul de Etica a Publica\u0163iilor<\/a>).<\/strong> \u00cen acest scop, se aplic\u0103 aceea\u015fi modalitate de depunere \u015fi verificare a manuscriselor, de revizuire colegial\u0103 \u015fi de comunicare interpersonal\u0103, ca \u00een revistele \u015ftiin\u0163ifice interna\u0163ionale.<\/p>\n<p>Revista nu percepe taxe pentru procesarea articolelor \u0219i nici pentru depunerea propunerilor de materiale pentru publicare.<\/p>\n<p>Pentru publicarea materialelor \u00een Revista de Etnologie \u0219i Culturologie nu sunt oferite onorarii. De asemenea, nu sunt oferite onorarii pentru recenzarea materialelor propuse spre publicare.<\/p>\n<\/div>\n","protected":false},"excerpt":{"rendered":"<p>Revista de Etnologie \u0219i Culturologie este revista \u0219tiin\u021bific\u0103 editat\u0103 de Institutul Patrimoniului Cultural. Revista este acreditat\u0103 de c\u0103tre ANACEC la \u00a0Categoria \u201eA\u201d. Revist\u0103 este recenzat\u0103 (fiecare articol este recenzat a c\u00e2te doi recenzen\u021bi \u015fi este discutat \u00een cadrul \u0219edin\u021belor colegiului de redac\u021bie). Revista de Etnologie \u015fi Culturologie este cu acces deschis.\u00a0Aceasta \u00eenseamn\u0103 c\u0103 materialele publicate &#8230;<\/p>\n","protected":false},"author":1,"featured_media":0,"parent":0,"menu_order":0,"comment_status":"closed","ping_status":"closed","template":"","meta":[],"_links":{"self":[{"href":"https:\/\/ethnology.ich.md\/ro\/wp-json\/wp\/v2\/pages\/59"}],"collection":[{"href":"https:\/\/ethnology.ich.md\/ro\/wp-json\/wp\/v2\/pages"}],"about":[{"href":"https:\/\/ethnology.ich.md\/ro\/wp-json\/wp\/v2\/types\/page"}],"author":[{"embeddable":true,"href":"https:\/\/ethnology.ich.md\/ro\/wp-json\/wp\/v2\/users\/1"}],"replies":[{"embeddable":true,"href":"https:\/\/ethnology.ich.md\/ro\/wp-json\/wp\/v2\/comments?post=59"}],"version-history":[{"count":26,"href":"https:\/\/ethnology.ich.md\/ro\/wp-json\/wp\/v2\/pages\/59\/revisions"}],"predecessor-version":[{"id":1716,"href":"https:\/\/ethnology.ich.md\/ro\/wp-json\/wp\/v2\/pages\/59\/revisions\/1716"}],"wp:attachment":[{"href":"https:\/\/ethnology.ich.md\/ro\/wp-json\/wp\/v2\/media?parent=59"}],"curies":[{"name":"wp","href":"https:\/\/api.w.org\/{rel}","templated":true}]}}