{"id":68,"date":"2016-08-02T12:15:26","date_gmt":"2016-08-02T12:15:26","guid":{"rendered":"http:\/\/ethnology.asm.md\/?page_id=68"},"modified":"2025-08-22T11:42:30","modified_gmt":"2025-08-22T11:42:30","slug":"terms-and-conditions","status":"publish","type":"page","link":"https:\/\/ethnology.ich.md\/ro\/terms-and-conditions","title":{"rendered":"Condi\u021bii de publicare a materialelor \u00een Revista de Etnologie \u0219i culturologie"},"content":{"rendered":"<div class=\"entry\">\n<p>\u00a0<strong>Stima\u021bi colegi,<\/strong><\/p>\n<p>Institutul Patrimoniului Cultural v\u0103 invit\u0103 s\u0103 prezenta\u021bi materiale pentru Revista de Etnologie \u015fi Culturologie.<\/p>\n<p><strong>Considera\u021bii generale:<\/strong><\/p>\n<p>Colegiul de redac\u021bie \u00eendeamn\u0103 autorii care \u00ee\u0219i propun lucr\u0103rile spre considerare, s\u0103 citeasc\u0103 cu aten\u021bie regulile generale \u0219i cerin\u021bele pentru materialele trimise. Articolele ce nu sunt redactate conform regulilor, dar care prezint\u0103 interes pentru revist\u0103, vor fi returnate autorilor pentru redactare. Colegiul de redac\u021bie \u00ee\u0219i rezerv\u0103 dreptul s\u0103 nu r\u0103spund\u0103 cererilor de publicare a articolelor \u00een care sunt ignorate regulile generale de editare.<\/p>\n<p>Colegiul de redac\u021bie \u00ee\u0219i revendic\u0103 dreptul de a respinge materialele ce nu corespund profilului revistei \u0219i normelor tehnice de publicare, c\u00e2t \u0219i pe cele lipsite de valoare \u0219tiin\u021bific\u0103 sau publicate anterior sub diferite forme, f\u0103r\u0103 de a oferi explica\u021bii.<\/p>\n<p>Solicit\u0103m insistent autorilor s\u0103 respecte cerin\u021bele privind volumul articolelor \u0219i recenziilor. Colegiul de redac\u021bie nu va lua \u00een considerare materialele, care dep\u0103\u0219esc normele revistei stabilite pentru volum. Volumul maximal al articolului inclusiv rezumatul, textul lucr\u0103rii, notele, lista abrevierilor, referin\u021bele bibliografice, materialul ilustrativ, datele despre autor, nu trebuie s\u0103 dep\u0103\u0219easc\u0103 40 000 semne, cu spa\u021bii; pentru doctoranzi volumul maximal al articolului este de 20\u00a0000 semne, cu spa\u021bii.<\/p>\n<p>Recenziile monografiilor \u0219i culegerilor, prezent\u0103ri de c\u0103r\u021bi, publicate \u00een rubrica corespunz\u0103toare a revistei, se editeaz\u0103 \u00een corespundere cu normele stabilite: Times New Roman, font size 14, space 1,5. Volumul maximal este de \u00a00,25 c. a. (10 000 de semne, cu spa\u021bii).<\/p>\n<p>Revista de Etnologie \u0219i Culturologie apare de dou\u0103 ori pe an. Spre publicare sunt acceptate articolele \u0219tiin\u021bifice \u0219i recenziile, \u00een care sunt reflectate teme inova\u021bionale, legate de astfel de domenii ale \u0219tiin\u021belor umaniste, precum etnologia \u0219i culturologia.<\/p>\n<p>Toate tipurile de lucr\u0103ri \u0219tiin\u021bifice pot fi prezentate \u00een limbile englez\u0103, rom\u00e2n\u0103, rus\u0103. Articolele vor fi trimise la adresa colegiului de redac\u021bie \u00eempreun\u0103 cu <strong><a href=\"https:\/\/ethnology.ich.md\/wp-content\/uploads\/0.-DECLARATIE.-ROM.doc\">Declara\u021bia<\/a> <\/strong>autorului pe propria r\u0103spundere.<\/p>\n<p><strong>Termenele limit\u0103 de trimitere a materialelor: 31 martie \u0219i 31 august. <\/strong><\/p>\n<p>Articolele sunt supuse recenz\u0103rii de c\u0103tre speciali\u0219ti \u00een domeniul corespunz\u0103tor, ce de\u021bin grad \u0219tiin\u021bific.<\/p>\n<p><strong>Structura lucr\u0103rilor:<\/strong><\/p>\n<p><strong style=\"color: initial;\">I. Numele autorului \u0219i titlul articolului:<\/strong><span style=\"color: initial;\"> La \u00eenceputul lucr\u0103rii indica\u021bi numele \u0219i prenumele autorului\/autorilor (pe marginea dreapt\u0103 a textului, de exemplu: <\/span><em style=\"color: initial;\">Gherghina BODA<\/em><span style=\"color: initial;\">). Acestea vor fi urmate de titlul articolului (centrat pe text, cu minuscule \u0219i caracter aldin): <\/span><strong style=\"color: initial;\">Horele \u0219i petrecerile mom\u00e2rlanilor<\/strong><\/p>\n<p><strong>II. <\/strong><strong style=\"color: initial;\">Rezumat:\u00a0<\/strong>La \u00eenceputul textului principal se va face rezumatele \u00a0\u00een rom\u00e2n\u0103, rus\u0103 \u0219i englez\u0103, \u00eenso\u021bite de cuv\u00e2ntul<strong> Rezumat, \u0420\u0435\u0437\u044e\u043c\u0435, Summary<\/strong>, dup\u0103 care urmeaz\u0103 denumirea articolului \u00een trei limbi. La sf\u00e2r\u0219itul fiec\u0103rui rezumat urmeaz\u0103 <strong>Cuvintele-cheie<\/strong> (5-7). Rezumatul va reflecta con\u021binutul articolului, ideile \u015fi concluziile de baz\u0103. Rezumatul se prezint\u0103 \u00een format Times New Roman, font size 10, space 1,0. Volumul fiec\u0103rui rezumat va avea \u00a01300 caractere f\u0103r\u0103 spa\u021bii sau 1500 caractere inclusiv spatii.<\/p>\n<p><strong>\u00a0<\/strong><strong>III. Textul lucr\u0103rii:<\/strong><\/p>\n<p>Textul lucr\u0103rii trebuie prezentat \u00een format electronic: Times New Roman, font size: 14, space: 1,5.<\/p>\n<p><strong>Referin\u021bele <\/strong>la sursele bibliografice, <strong>inserate \u00een text<\/strong>, se vor indica \u00een paranteze rotunde, de exemplu:<\/p>\n<p><strong>Monografie: <\/strong>(Eliade 1994: 45), adic\u0103: a) Numele autorului, b) Anul edi\u021biei lucr\u0103rii, c) Semn de punctua\u021bie : d) Nr. paginii, la care se refer\u0103 autorul.<\/p>\n<p><strong>Culegere de materiale:<\/strong> (S\u0103rb\u0103tori 2003), adic\u0103: a) Denumirea culegerii (primul cuv\u00e2nt), b) Anul edi\u021biei lucr\u0103rii.<\/p>\n<p><strong>Articol \u00een culegere:<\/strong> (Poiat\u0103 2009: 385-388), adic\u0103: a) Numele autorului, b) Anul edi\u021biei lucr\u0103rii,\u00a0\u00a0\u00a0\u00a0\u00a0\u00a0\u00a0 c) Semn de punctua\u021bie : d) Nr. paginilor, la care se refer\u0103 autorul.<\/p>\n<p><strong>Articol \u00een revist\u0103: <\/strong>(Ceau\u0219escu 2018: 204), adic\u0103: a) Numele autorului, b) Anul edi\u021biei lucr\u0103rii, c) Semn de punctua\u021bie : d) Nr. paginii, la care se refer\u0103 autorul.<\/p>\n<p><strong>Document din arhiv\u0103: <\/strong>(ANRM, F., inv., d., f.) adic\u0103: a) Denumirea arhivei, b) Num\u0103rul fondului, c) Num\u0103rul de inventar, d) Num\u0103rul dosarului, e) Num\u0103rul filei, la care se refer\u0103 autorul.<\/p>\n<p><strong>Document electronic: <\/strong>(Antonescu 2009).<\/p>\n<p><strong style=\"color: initial;\">IV. Note:<\/strong><span style=\"color: initial;\"> \u00cen textul lucr\u0103rii notele sunt date manual cu superscript (de exemplu<\/span><sup style=\"color: initial;\">5<\/sup><span style=\"color: initial;\">). \u00cen Note la fel ca \u0219i \u00een text numerotarea se d\u0103 cu superscript.<\/span><\/p>\n<p><strong style=\"color: initial;\">V. Lista informatorilor:<\/strong><span style=\"color: initial;\"> include numele, v\u00e2rsta, localitatea etc.<\/span><\/p>\n<p><strong style=\"color: initial;\">VI. Lista abrevierilor<\/strong><\/p>\n<p><strong>VII. Referin\u021be bibliografice \/ References <\/strong>vor fi plasate sub textul principal al articolului. Referin\u021bele bibliografice vor fi aranjate \u00een <strong>ordine alfabetic\u0103<\/strong>. \u00cen textele cu grafia latin\u0103, \u00een Referin\u021be bibliografice, sursele cu grafia latin\u0103 vor fi plasate \u00eenainte de cele cu caracter chirilic. Denumirile cu caracter chirilic, vor fi transliterate (conform sistemului US Library of Congress).<\/p>\n<p><strong>Exemple de transliterare: <\/strong>\u0413\u0443\u0431\u043e\u0433\u043b\u043e \u041c. \u041d. \u0418\u043d\u0441\u0442\u0438\u0442\u0443\u0442\u044b \u0441\u043e\u0446\u0438\u043e\u043d\u043e\u0440\u043c\u0430\u0442\u0438\u0432\u043d\u043e\u0439 \u043a\u0443\u043b\u044c\u0442\u0443\u0440\u044b. In: \u0413\u0430\u0433\u0430\u0443\u0437\u044b \u0432 \u043c\u0438\u0440\u0435 \u0438 \u043c\u0438\u0440 \u0433\u0430\u0433\u0430\u0443\u0437\u043e\u0432. \u0422. II. \u041c\u0438\u0440 \u0433\u0430\u0433\u0430\u0443\u0437\u043e\u0432. \u041a\u043e\u043c\u0440\u0430\u0442\u2013\u041a\u0438\u0448\u0438\u043d\u0435\u0432: Tipografia central\u0103, 2012, 444-495. \/ Guboglo M. N. Instituty sotsionormativnoy kultury. In: Gagauzy v mire i mir gagauzov. T. II. Mir gagauzov. Komrat\u2013Kishinev: Tipografia centrala, 2012, 444-495.<\/p>\n<p>\u00cen lista de<strong> Referin\u021be bibliografice \/ References<\/strong> se vor distinge \u0219ase tipuri principale de literatur\u0103 \u0219i surse citate: 1. Monografie. 2. Culegere de materiale. 3. Articol din revist\u0103. 4. Articol din culegere. 5. Document din arhiv\u0103. 6. Document electronic.<\/p>\n<p><strong>Exemple de surse publicate \u00een<\/strong> <strong>Referin\u021be bibliografice \/ References: <\/strong><\/p>\n<p><strong>Monografie: <\/strong>Eliade M. Imagini \u0219i simboluri. Bucure\u0219ti: Humanitas, 1994. Adic\u0103, se vor indica (\u00een ordinea stabilit\u0103): a) Numele \u0219i ini\u021bialele autorului\/autorilor. b) Denumirea lucr\u0103rii. c) Locul public\u0103rii. d) Editura. e) Anul public\u0103rii.<\/p>\n<p><strong>Culegere de materiale:<\/strong> S\u0103rb\u0103tori \u0219i obiceiuri. R\u0103spunsuri la chestionarele Atlasului Etnografic Rom\u00e2n. Vol. III, Transilvania. Bucure\u0219ti: Editura Enciclopedic\u0103, 2003. Adic\u0103, se vor indica: a) Denumirea culegerii. b) Nr. de volum (dac\u0103 exist\u0103). c) Locul public\u0103rii. d) Editura. e) Anul public\u0103rii.<\/p>\n<p><strong>Articol \u00een culegere:<\/strong> Poiat\u0103 M. Patrimoniul cultural: p\u0103strare prin&#8230; deconservare. In: P\u0103strarea patrimoniului cultural \u00een \u021b\u0103rile europene. Conferin\u021ba interna\u021bional\u0103 \u0219tiin\u021bific\u0103 (Chi\u0219in\u0103u, 25-26 septembrie 2008). Chi\u0219in\u0103u: Business-Elita, 2009, 385-388. \u00a0Se vor indica: a) Numele \u0219i ini\u021bialele autorului\/ autorilor.\u00a0 b) Denumirea articolului. c) Simbol desp\u0103r\u021bitor In: d) Denumirea culegerii. e) Locul public\u0103rii culegerii. f) Editura public\u0103rii culegerii. g) Anul public\u0103rii. h) Prima \u0219i ultima pagin\u0103 a articolului.<\/p>\n<p><strong>Articol din revist\u0103:<\/strong> Ceau\u0219escu A. C\u00e2teva considera\u021bii privind simbolistica fierului \u00een obiceiurile familiale din Oltenia. In: Arhivele Olteniei, 2018, nr. 32, 201-210. Se vor indica: a) Numele \u0219i ini\u021bialele autorului\/autorilor. b) Denumirea articolului. c) Simbol desp\u0103r\u021bitor In: d) Denumirea revistei. e) Anul public\u0103rii. f) Num\u0103rul revistei. g) Prima \u0219i ultima pagin\u0103 a articolului.<\/p>\n<p><strong>Document din arhiv\u0103<\/strong>: ANRM, Fond, inventar, dosar, fila. Spre exemplu: ANRM, F. 2, inv. 1, d. 6435, f. 230.<\/p>\n<p><strong>Documente electronice<\/strong>: Antonescu R. Dic\u021bionar de Simboluri \u0219i Credin\u021be Tradi\u021bionale Rom\u00e2ne\u0219ti. http:\/\/cimec.ro\/Etnografie\/Antonescu-dictionar\/Antonescu-Romulus-Dictionar-Simboluri-Credinte-Traditionale-Romanesti.pdf (vizitat 04.03.2020).<\/p>\n<p><strong>VIII. Materialul ilustrativ (Anex\u0103):<\/strong><\/p>\n<p>Materialul ilustrativ se va prezenta \u00een form\u0103 grafic\u0103 clar\u0103 \u00een format electronic (JPG sau TIF: nu mai pu\u021bin de 300 dpi). Imaginile, tabelele, graficele \u015f. a. vor fi \u00eenso\u021bite de legendele corespunz\u0103toare \u0219i cu indicarea sursei de provenien\u021b\u0103.<\/p>\n<p><strong style=\"color: initial;\">IX. Date despre autor<\/strong><span style=\"color: initial;\">:<\/span><\/p>\n<p>Numele, prenumele (ora\u0219ul, \u021bara), gradul \u015ftiin\u0163ifico-didactic, institu\u021bia \u00een trei limbi (rom\u00e2n\u0103, rus\u0103, englez\u0103); e-mail; ORCID.<\/p>\n<p>Exemplu de date despre autor:<\/p>\n<p><strong>Tamas Hajnaczky <\/strong>(Budapesta, Ungaria). Expert \u00een politici etnice \u0219i minoritare, Universitatea K\u00e1roli G\u00e1sp\u00e1r a Bisericii Reformate din Ungaria.<\/p>\n<p><strong>\u0422\u0430\u043c\u0430\u0448 \u0425\u0430\u0439\u043d\u0430\u0446\u043a\u0438 <\/strong>(\u0411\u0443\u0434\u0430\u043f\u0435\u0448\u0442, \u0412\u0435\u043d\u0433\u0440\u0438\u044f). \u042d\u043a\u0441\u043f\u0435\u0440\u0442 \u043f\u043e \u0432\u043e\u043f\u0440\u043e\u0441\u0430\u043c \u043f\u043e\u043b\u0438\u0442\u0438\u043a\u0438 \u0432 \u043e\u0442\u043d\u043e\u0448\u0435\u043d\u0438\u0438 \u044d\u0442\u043d\u0438\u0447\u0435\u0441\u043a\u0438\u0445 \u043c\u0435\u043d\u044c\u0448\u0438\u043d\u0441\u0442\u0432, \u0423\u043d\u0438\u0432\u0435\u0440\u0441\u0438\u0442\u0435\u0442 \u0412\u0435\u043d\u0433\u0435\u0440\u0441\u043a\u043e\u0439 \u0440\u0435\u0444\u043e\u0440\u043c\u0430\u0442\u0441\u043a\u043e\u0439 \u0446\u0435\u0440\u043a\u0432\u0438 \u0438\u043c. \u041a\u0430\u0440\u043e\u043b\u0438 \u0413\u0430\u0448\u043f\u0430\u0440\u0430.<\/p>\n<p><strong>Tam\u00e1s Hajn\u00e1czky<\/strong> (Budapest, Hungary). Ethnic and Minority Policy Expert, K\u00e1roli G\u00e1sp\u00e1r University of the Reformed Church in Hungary.<\/p>\n<p><strong>E-mail:<\/strong> hajnaczkyt@gmail.com<\/p>\n<p><strong>ORCID:<\/strong> 0000-0001-5024-3789<\/p>\n<p><strong>Adresa<\/strong>: Colegiul de redac\u021bie \u2013 <em>Revista de Etnologie <\/em>\u0219<em>i Culturologie<\/em>, Institutul Patrimoniului Cultural, bd. \u0218tefan cel Mare \u0219i Sf\u00e2nt, 1, bir. 532, MD-2001, Chi\u0219in\u0103u, Republica Moldova.<\/p>\n<p><strong>Informa<\/strong>\u021b<strong>ii suplimentare pot fi solicitate<\/strong>: tel. (+373 22) 27-10-07, (+373 22) 27-13-53; e-mail: journalofethnology@gmail.com; etnologie@ich.md; website: ethnology.ich.md; ich.md<\/p>\n<\/div>\n","protected":false},"excerpt":{"rendered":"<p>\u00a0Stima\u021bi colegi, Institutul Patrimoniului Cultural v\u0103 invit\u0103 s\u0103 prezenta\u021bi materiale pentru Revista de Etnologie \u015fi Culturologie. Considera\u021bii generale: Colegiul de redac\u021bie \u00eendeamn\u0103 autorii care \u00ee\u0219i propun lucr\u0103rile spre considerare, s\u0103 citeasc\u0103 cu aten\u021bie regulile generale \u0219i cerin\u021bele pentru materialele trimise. Articolele ce nu sunt redactate conform regulilor, dar care prezint\u0103 interes pentru revist\u0103, vor fi &#8230;<\/p>\n","protected":false},"author":1,"featured_media":0,"parent":0,"menu_order":0,"comment_status":"closed","ping_status":"closed","template":"","meta":[],"_links":{"self":[{"href":"https:\/\/ethnology.ich.md\/ro\/wp-json\/wp\/v2\/pages\/68"}],"collection":[{"href":"https:\/\/ethnology.ich.md\/ro\/wp-json\/wp\/v2\/pages"}],"about":[{"href":"https:\/\/ethnology.ich.md\/ro\/wp-json\/wp\/v2\/types\/page"}],"author":[{"embeddable":true,"href":"https:\/\/ethnology.ich.md\/ro\/wp-json\/wp\/v2\/users\/1"}],"replies":[{"embeddable":true,"href":"https:\/\/ethnology.ich.md\/ro\/wp-json\/wp\/v2\/comments?post=68"}],"version-history":[{"count":38,"href":"https:\/\/ethnology.ich.md\/ro\/wp-json\/wp\/v2\/pages\/68\/revisions"}],"predecessor-version":[{"id":1690,"href":"https:\/\/ethnology.ich.md\/ro\/wp-json\/wp\/v2\/pages\/68\/revisions\/1690"}],"wp:attachment":[{"href":"https:\/\/ethnology.ich.md\/ro\/wp-json\/wp\/v2\/media?parent=68"}],"curies":[{"name":"wp","href":"https:\/\/api.w.org\/{rel}","templated":true}]}}