{"id":74,"date":"2016-08-02T12:16:05","date_gmt":"2016-08-02T12:16:05","guid":{"rendered":"http:\/\/ethnology.asm.md\/?page_id=74"},"modified":"2022-12-20T13:06:13","modified_gmt":"2022-12-20T13:06:13","slug":"archives","status":"publish","type":"page","link":"https:\/\/ethnology.ich.md\/ro\/archives","title":{"rendered":"Arhiva"},"content":{"rendered":"<div class=\"entry\">\n<p><strong>Pe aceast\u0103 pagin\u0103 sunt plasate toate Volumele Revistei de Etnologie \u015fi Culturologie \u00eencep\u00e2nd cu anul 2006 p\u00e2n\u0103 \u00een prezent<\/strong><\/p>\n<p>\u200b<\/p>\n<table width=\"761\">\n<tbody>\n<tr>\n<td style=\"text-align: center;\" width=\"151\"><img decoding=\"async\" loading=\"lazy\" class=\"alignnone size-full wp-image-213\" src=\"http:\/\/ethnology.asm.md\/wp-content\/uploads\/2016\/08\/images-5-1.jpg\" alt=\"images (5)\" width=\"180\" height=\"280\" \/>\u00a0<a href=\"https:\/\/drive.google.com\/open?id=0B_MPkqI9kqE1VkhRY1V4anV0Zjg\">Vol. I, 2006<\/a><\/td>\n<td style=\"text-align: center;\" width=\"151\"><img decoding=\"async\" loading=\"lazy\" class=\"alignnone size-medium wp-image-258\" src=\"http:\/\/ethnology.asm.md\/wp-content\/uploads\/2016\/08\/2-196x300.png\" alt=\"2\" width=\"196\" height=\"300\" srcset=\"https:\/\/ethnology.ich.md\/wp-content\/uploads\/2016\/08\/2-196x300.png 196w, https:\/\/ethnology.ich.md\/wp-content\/uploads\/2016\/08\/2.png 241w\" sizes=\"(max-width: 196px) 100vw, 196px\" \/><a href=\"http:\/\/ethnology.asm.md\/volume-ii-volumul-ii-%D1%82%D0%BE%D0%BC-ii-2007\/\">Vol. II, \u00a02007<\/a><\/td>\n<td style=\"text-align: center;\" width=\"151\"><img decoding=\"async\" loading=\"lazy\" class=\"alignnone size-full wp-image-203\" src=\"http:\/\/ethnology.asm.md\/wp-content\/uploads\/2016\/08\/images-13.jpg\" alt=\"images (13)\" width=\"183\" height=\"275\" \/><a href=\"http:\/\/ethnology.asm.md\/volume-iii-volumul-iii-%d1%82%d0%be%d0%bc-iii-2008\/\">Vol. III, 2008<\/a><\/td>\n<td style=\"text-align: center;\" width=\"151\"><img decoding=\"async\" loading=\"lazy\" class=\"alignnone size-medium wp-image-256\" src=\"http:\/\/ethnology.asm.md\/wp-content\/uploads\/2016\/08\/4-194x300.png\" alt=\"4\" width=\"194\" height=\"300\" srcset=\"https:\/\/ethnology.ich.md\/wp-content\/uploads\/2016\/08\/4-194x300.png 194w, https:\/\/ethnology.ich.md\/wp-content\/uploads\/2016\/08\/4.png 240w\" sizes=\"(max-width: 194px) 100vw, 194px\" \/><a href=\"http:\/\/ethnology.asm.md\/volume-iv-volumul-iv-%d1%82%d0%be%d0%bc-iv-2008\/\">Vol. IV, 2008<\/a><\/td>\n<\/tr>\n<tr>\n<td width=\"151\"><img decoding=\"async\" loading=\"lazy\" class=\"alignnone size-medium wp-image-265\" src=\"http:\/\/ethnology.asm.md\/wp-content\/uploads\/2016\/08\/5-200x300.png\" alt=\"5\" width=\"200\" height=\"300\" srcset=\"https:\/\/ethnology.ich.md\/wp-content\/uploads\/2016\/08\/5-200x300.png 200w, https:\/\/ethnology.ich.md\/wp-content\/uploads\/2016\/08\/5.png 557w\" sizes=\"(max-width: 200px) 100vw, 200px\" \/>\u00a0<a href=\"https:\/\/drive.google.com\/open?id=0B_MPkqI9kqE1OHZSekNBalR2LWs\">Vol. V, 2010<\/a><\/td>\n<td width=\"151\"><img decoding=\"async\" loading=\"lazy\" class=\"alignnone size-full wp-image-255\" src=\"http:\/\/ethnology.asm.md\/wp-content\/uploads\/2016\/08\/6.jpg\" alt=\"6\" width=\"130\" height=\"190\" \/><a href=\"https:\/\/drive.google.com\/open?id=0B_MPkqI9kqE1Tm9qQTlfaFRIUGs\">Vol. VI, 2010<\/a><\/td>\n<td width=\"151\"><img decoding=\"async\" loading=\"lazy\" class=\"alignnone size-medium wp-image-219\" src=\"http:\/\/ethnology.asm.md\/wp-content\/uploads\/2016\/08\/Revista-7-206x300.jpg\" alt=\"Revista-7\" width=\"206\" height=\"300\" srcset=\"https:\/\/ethnology.ich.md\/wp-content\/uploads\/2016\/08\/Revista-7-206x300.jpg 206w, https:\/\/ethnology.ich.md\/wp-content\/uploads\/2016\/08\/Revista-7-768x1116.jpg 768w, https:\/\/ethnology.ich.md\/wp-content\/uploads\/2016\/08\/Revista-7-705x1024.jpg 705w, https:\/\/ethnology.ich.md\/wp-content\/uploads\/2016\/08\/Revista-7.jpg 1000w\" sizes=\"(max-width: 206px) 100vw, 206px\" \/><a href=\"https:\/\/drive.google.com\/open?id=0B_MPkqI9kqE1alFSa0FUdUliVjg\">Vol. VII, 2010<\/a><\/td>\n<td width=\"151\"><img decoding=\"async\" loading=\"lazy\" class=\"alignnone size-full wp-image-217\" src=\"http:\/\/ethnology.asm.md\/wp-content\/uploads\/2016\/08\/images-15.jpg\" alt=\"images (15)\" width=\"189\" height=\"267\" \/><a href=\"https:\/\/drive.google.com\/open?id=0B_MPkqI9kqE1V1BSUmEzb2VlMFE\">Vol. VIII, 2010<\/a><\/td>\n<\/tr>\n<tr>\n<td width=\"151\"><img decoding=\"async\" loading=\"lazy\" class=\"alignnone size-medium wp-image-209 aligncenter\" src=\"http:\/\/ethnology.asm.md\/wp-content\/uploads\/2016\/08\/Revista-9-10_1-212x300.jpg\" alt=\"Revista-9-10_1\" width=\"212\" height=\"300\" srcset=\"https:\/\/ethnology.ich.md\/wp-content\/uploads\/2016\/08\/Revista-9-10_1-212x300.jpg 212w, https:\/\/ethnology.ich.md\/wp-content\/uploads\/2016\/08\/Revista-9-10_1-768x1084.jpg 768w, https:\/\/ethnology.ich.md\/wp-content\/uploads\/2016\/08\/Revista-9-10_1-725x1024.jpg 725w, https:\/\/ethnology.ich.md\/wp-content\/uploads\/2016\/08\/Revista-9-10_1.jpg 1000w\" sizes=\"(max-width: 212px) 100vw, 212px\" \/><a href=\"https:\/\/drive.google.com\/open?id=0B_MPkqI9kqE1cC1CZkYwUm9OTDg\">Vol. IX\u2013X, 2011<\/a><\/td>\n<td width=\"151\"><img decoding=\"async\" loading=\"lazy\" class=\"alignnone size-medium wp-image-214 aligncenter\" src=\"http:\/\/ethnology.asm.md\/wp-content\/uploads\/2016\/08\/Revista-11-12-1-212x300.jpg\" alt=\"Revista-11-12\" width=\"212\" height=\"300\" srcset=\"https:\/\/ethnology.ich.md\/wp-content\/uploads\/2016\/08\/Revista-11-12-1-212x300.jpg 212w, https:\/\/ethnology.ich.md\/wp-content\/uploads\/2016\/08\/Revista-11-12-1-768x1088.jpg 768w, https:\/\/ethnology.ich.md\/wp-content\/uploads\/2016\/08\/Revista-11-12-1-723x1024.jpg 723w, https:\/\/ethnology.ich.md\/wp-content\/uploads\/2016\/08\/Revista-11-12-1.jpg 1000w\" sizes=\"(max-width: 212px) 100vw, 212px\" \/><a href=\"https:\/\/drive.google.com\/open?id=0B_MPkqI9kqE1ZWRuXzg0SmtlcDg\">Vol. XI\u2013XII, 2012<\/a><\/td>\n<td width=\"151\"><img decoding=\"async\" loading=\"lazy\" class=\"alignnone size-medium wp-image-215 aligncenter\" src=\"http:\/\/ethnology.asm.md\/wp-content\/uploads\/2016\/08\/Revista-13-14-1-209x300.jpg\" alt=\"Revista-13-14\" width=\"209\" height=\"300\" srcset=\"https:\/\/ethnology.ich.md\/wp-content\/uploads\/2016\/08\/Revista-13-14-1-209x300.jpg 209w, https:\/\/ethnology.ich.md\/wp-content\/uploads\/2016\/08\/Revista-13-14-1.jpg 556w\" sizes=\"(max-width: 209px) 100vw, 209px\" \/>\u00a0<a href=\"https:\/\/drive.google.com\/open?id=0B_MPkqI9kqE1aU11ZWhYa3RDNUE\">Vol. XIII-XIV, 2013<\/a><\/td>\n<td width=\"151\"><img decoding=\"async\" loading=\"lazy\" class=\"alignnone size-medium wp-image-270 aligncenter\" src=\"http:\/\/ethnology.asm.md\/wp-content\/uploads\/2016\/08\/15-16-1-219x300.jpg\" alt=\"Coperta_REVISTA ETNOLOGIE_TIPAR\" width=\"219\" height=\"300\" srcset=\"https:\/\/ethnology.ich.md\/wp-content\/uploads\/2016\/08\/15-16-1-219x300.jpg 219w, https:\/\/ethnology.ich.md\/wp-content\/uploads\/2016\/08\/15-16-1.jpg 327w\" sizes=\"(max-width: 219px) 100vw, 219px\" \/><a href=\"https:\/\/drive.google.com\/file\/d\/0B_MPkqI9kqE1cXhPNzc5bjJQVW8\/view\">Vol. XV, 2014<\/a><\/td>\n<\/tr>\n<tr>\n<td style=\"text-align: center;\" width=\"151\"><img decoding=\"async\" loading=\"lazy\" class=\"alignnone size-medium wp-image-204 alignleft\" src=\"http:\/\/ethnology.asm.md\/wp-content\/uploads\/2016\/08\/Coperta_2_REVISTA-ETNOLOGIE_TIPAR-212x300.jpg\" alt=\"Coperta_2_REVISTA ETNOLOGIE_TIPAR\" width=\"212\" height=\"300\" srcset=\"https:\/\/ethnology.ich.md\/wp-content\/uploads\/2016\/08\/Coperta_2_REVISTA-ETNOLOGIE_TIPAR-212x300.jpg 212w, https:\/\/ethnology.ich.md\/wp-content\/uploads\/2016\/08\/Coperta_2_REVISTA-ETNOLOGIE_TIPAR-768x1086.jpg 768w, https:\/\/ethnology.ich.md\/wp-content\/uploads\/2016\/08\/Coperta_2_REVISTA-ETNOLOGIE_TIPAR-724x1024.jpg 724w, https:\/\/ethnology.ich.md\/wp-content\/uploads\/2016\/08\/Coperta_2_REVISTA-ETNOLOGIE_TIPAR.jpg 1061w\" sizes=\"(max-width: 212px) 100vw, 212px\" \/>\u00a0<a href=\"https:\/\/drive.google.com\/file\/d\/0B_MPkqI9kqE1SGJjNDNNT1UzbFU\/view?usp=sharing\">Vol. XVI, \u00a02014<\/a><\/td>\n<td style=\"text-align: center;\" width=\"151\"><img decoding=\"async\" loading=\"lazy\" class=\"alignnone size-medium wp-image-282 aligncenter\" src=\"http:\/\/ethnology.asm.md\/wp-content\/uploads\/2016\/08\/17-205x300.jpg\" alt=\"17\" width=\"205\" height=\"300\" srcset=\"https:\/\/ethnology.ich.md\/wp-content\/uploads\/2016\/08\/17-205x300.jpg 205w, https:\/\/ethnology.ich.md\/wp-content\/uploads\/2016\/08\/17.jpg 616w\" sizes=\"(max-width: 205px) 100vw, 205px\" \/>\u00a0\u00a0<a href=\"https:\/\/drive.google.com\/open?id=0B_MPkqI9kqE1bWxUdzdXdGtpY1E\">Vol, XVII, 2015<\/a><\/td>\n<td style=\"text-align: center;\" width=\"151\"><a href=\"https:\/\/drive.google.com\/open?id=0B_MPkqI9kqE1ZHNKelh5UmhWMkk\"><img decoding=\"async\" loading=\"lazy\" class=\"alignnone size-medium wp-image-283 aligncenter\" src=\"http:\/\/ethnology.asm.md\/wp-content\/uploads\/2016\/08\/18-211x300.jpg\" alt=\"18\" width=\"211\" height=\"300\" srcset=\"https:\/\/ethnology.ich.md\/wp-content\/uploads\/2016\/08\/18-211x300.jpg 211w, https:\/\/ethnology.ich.md\/wp-content\/uploads\/2016\/08\/18.jpg 634w\" sizes=\"(max-width: 211px) 100vw, 211px\" \/>\u00a0Vol. XVIII, 2015<\/a><\/td>\n<td style=\"text-align: center;\" width=\"151\"><img decoding=\"async\" loading=\"lazy\" class=\"alignnone size-medium wp-image-300 aligncenter\" src=\"http:\/\/ethnology.asm.md\/wp-content\/uploads\/2016\/08\/Revista_etnologie_nr.-19_coperta-1-215x300.jpg\" alt=\"revista_etnologie_nr-19_coperta\" width=\"215\" height=\"300\" srcset=\"https:\/\/ethnology.ich.md\/wp-content\/uploads\/2016\/08\/Revista_etnologie_nr.-19_coperta-1-215x300.jpg 215w, https:\/\/ethnology.ich.md\/wp-content\/uploads\/2016\/08\/Revista_etnologie_nr.-19_coperta-1.jpg 308w\" sizes=\"(max-width: 215px) 100vw, 215px\" \/><a href=\"http:\/\/ethnology.asm.md\/revista-de-etnologie-si-culturologie-volumul-xix-2016\/\">Vol. XIX, 2016<\/a><\/td>\n<\/tr>\n<tr>\n<td width=\"151\"><img decoding=\"async\" loading=\"lazy\" class=\"alignnone size-medium wp-image-296\" src=\"http:\/\/ethnology.asm.md\/wp-content\/uploads\/2016\/08\/Revista_etnologie_nr.-20_coperta-207x300.jpg\" alt=\"revista_etnologie_nr-20_coperta\" width=\"207\" height=\"300\" srcset=\"https:\/\/ethnology.ich.md\/wp-content\/uploads\/2016\/08\/Revista_etnologie_nr.-20_coperta-207x300.jpg 207w, https:\/\/ethnology.ich.md\/wp-content\/uploads\/2016\/08\/Revista_etnologie_nr.-20_coperta.jpg 309w\" sizes=\"(max-width: 207px) 100vw, 207px\" \/>\u00a0\u00a0<a href=\"http:\/\/ethnology.asm.md\/volume-xx-volumul-xx-%D1%82%D0%BE%D0%BC-xx-2016\/\">Vol. XX, 2016<\/a><\/td>\n<td style=\"text-align: center;\" width=\"151\"><img decoding=\"async\" loading=\"lazy\" class=\"alignnone wp-image-527\" src=\"http:\/\/ethnology.asm.md\/wp-content\/uploads\/Revista_etnologie_nr.-21_coperta_2017-1-183x300.jpg\" alt=\"\" width=\"128\" height=\"210\" srcset=\"https:\/\/ethnology.ich.md\/wp-content\/uploads\/Revista_etnologie_nr.-21_coperta_2017-1-183x300.jpg 183w, https:\/\/ethnology.ich.md\/wp-content\/uploads\/Revista_etnologie_nr.-21_coperta_2017-1-768x1257.jpg 768w, https:\/\/ethnology.ich.md\/wp-content\/uploads\/Revista_etnologie_nr.-21_coperta_2017-1-626x1024.jpg 626w\" sizes=\"(max-width: 128px) 100vw, 128px\" \/><\/p>\n<p><a href=\"http:\/\/ethnology.asm.md\/volume-xxi-volumul-xxi-%D1%82%D0%BE%D0%BC-xxi-2017\/\">Vol. XXI, 2017<\/a><\/td>\n<td width=\"151\">\n<p style=\"text-align: center;\"><img decoding=\"async\" loading=\"lazy\" class=\"wp-image-585 size-medium alignnone\" src=\"http:\/\/ethnology.asm.md\/wp-content\/uploads\/coperta.etno_.220001-210x300.jpg\" alt=\"\" width=\"210\" height=\"300\" \/><a href=\"http:\/\/ethnology.asm.md\/volume-xxii-volumul-xxii-%D1%82%D0%BE%D0%BC-xxii-2017\/\">Vol. XXII, 2017<\/a><\/p>\n<\/td>\n<td style=\"text-align: center;\" width=\"151\"><a href=\"http:\/\/ethnology.asm.md\/wp-content\/uploads\/coperta_nr.23.png\"><img decoding=\"async\" loading=\"lazy\" class=\"aligncenter wp-image-670 size-medium\" src=\"http:\/\/ethnology.asm.md\/wp-content\/uploads\/coperta_nr.23-208x300.png\" alt=\"\" width=\"208\" height=\"300\" srcset=\"https:\/\/ethnology.ich.md\/wp-content\/uploads\/coperta_nr.23-208x300.png 208w, https:\/\/ethnology.ich.md\/wp-content\/uploads\/coperta_nr.23-768x1106.png 768w, https:\/\/ethnology.ich.md\/wp-content\/uploads\/coperta_nr.23-711x1024.png 711w, https:\/\/ethnology.ich.md\/wp-content\/uploads\/coperta_nr.23.png 1147w\" sizes=\"(max-width: 208px) 100vw, 208px\" \/><\/a><a href=\"http:\/\/ethnology.asm.md\/wp-content\/uploads\/revista-nr-23_etnologie_site_2018.pdf\">Vol. XXIII, 2018<\/a><\/td>\n<\/tr>\n<tr>\n<td width=\"151\">\u00a0<a href=\"http:\/\/ethnology.asm.md\/wp-content\/uploads\/coperta_nr_24.2.jpg\"><img decoding=\"async\" loading=\"lazy\" class=\"aligncenter size-medium wp-image-689\" src=\"http:\/\/ethnology.asm.md\/wp-content\/uploads\/coperta_nr_24.2-205x300.jpg\" alt=\"\" width=\"205\" height=\"300\" srcset=\"https:\/\/ethnology.ich.md\/wp-content\/uploads\/coperta_nr_24.2-205x300.jpg 205w, https:\/\/ethnology.ich.md\/wp-content\/uploads\/coperta_nr_24.2-768x1123.jpg 768w, https:\/\/ethnology.ich.md\/wp-content\/uploads\/coperta_nr_24.2-700x1024.jpg 700w\" sizes=\"(max-width: 205px) 100vw, 205px\" \/><\/a><\/p>\n<p style=\"text-align: center;\"><a href=\"http:\/\/ethnology.asm.md\/wp-content\/uploads\/REC.nr-24_15.12.18_site.pdf\">Vol. XXIV, 2018<\/a><\/p>\n<\/td>\n<td width=\"151\">\u00a0<a href=\"http:\/\/ethnology.asm.md\/wp-content\/uploads\/coperta-etnologie-2019-cu-eissn.png\"><img decoding=\"async\" loading=\"lazy\" class=\"aligncenter size-medium wp-image-763\" src=\"http:\/\/ethnology.asm.md\/wp-content\/uploads\/coperta-etnologie-2019-cu-eissn-210x300.png\" alt=\"\" width=\"210\" height=\"300\" srcset=\"https:\/\/ethnology.ich.md\/wp-content\/uploads\/coperta-etnologie-2019-cu-eissn-210x300.png 210w, https:\/\/ethnology.ich.md\/wp-content\/uploads\/coperta-etnologie-2019-cu-eissn-768x1096.png 768w, https:\/\/ethnology.ich.md\/wp-content\/uploads\/coperta-etnologie-2019-cu-eissn-718x1024.png 718w\" sizes=\"(max-width: 210px) 100vw, 210px\" \/><\/a><\/p>\n<p style=\"text-align: center;\"><a href=\"http:\/\/ethnology.asm.md\/wp-content\/uploads\/Revista-de-etnologie-25-cu-eissn-varianta-web.pdf\">Vol. XXV, 2019<\/a><\/p>\n<\/td>\n<td width=\"151\"><\/td>\n<td width=\"151\"><\/td>\n<\/tr>\n<tr>\n<td width=\"151\"><\/td>\n<td width=\"151\"><\/td>\n<td width=\"151\"><\/td>\n<td width=\"151\"><\/td>\n<\/tr>\n<\/tbody>\n<\/table>\n<p style=\"text-align: center;\">\n<\/div>\n","protected":false},"excerpt":{"rendered":"<p>Pe aceast\u0103 pagin\u0103 sunt plasate toate Volumele Revistei de Etnologie \u015fi Culturologie \u00eencep\u00e2nd cu anul 2006 p\u00e2n\u0103 \u00een prezent \u200b \u00a0Vol. I, 2006 Vol. II, \u00a02007 Vol. III, 2008 Vol. IV, 2008 \u00a0Vol. V, 2010 Vol. VI, 2010 Vol. VII, 2010 Vol. VIII, 2010 Vol. IX\u2013X, 2011 Vol. XI\u2013XII, 2012 \u00a0Vol. XIII-XIV, 2013 Vol. XV, &#8230;<\/p>\n","protected":false},"author":1,"featured_media":0,"parent":0,"menu_order":0,"comment_status":"closed","ping_status":"closed","template":"","meta":[],"_links":{"self":[{"href":"https:\/\/ethnology.ich.md\/ro\/wp-json\/wp\/v2\/pages\/74"}],"collection":[{"href":"https:\/\/ethnology.ich.md\/ro\/wp-json\/wp\/v2\/pages"}],"about":[{"href":"https:\/\/ethnology.ich.md\/ro\/wp-json\/wp\/v2\/types\/page"}],"author":[{"embeddable":true,"href":"https:\/\/ethnology.ich.md\/ro\/wp-json\/wp\/v2\/users\/1"}],"replies":[{"embeddable":true,"href":"https:\/\/ethnology.ich.md\/ro\/wp-json\/wp\/v2\/comments?post=74"}],"version-history":[{"count":88,"href":"https:\/\/ethnology.ich.md\/ro\/wp-json\/wp\/v2\/pages\/74\/revisions"}],"predecessor-version":[{"id":1364,"href":"https:\/\/ethnology.ich.md\/ro\/wp-json\/wp\/v2\/pages\/74\/revisions\/1364"}],"wp:attachment":[{"href":"https:\/\/ethnology.ich.md\/ro\/wp-json\/wp\/v2\/media?parent=74"}],"curies":[{"name":"wp","href":"https:\/\/api.w.org\/{rel}","templated":true}]}}